{"id":1144,"date":"2023-12-09T17:52:15","date_gmt":"2023-12-09T14:52:15","guid":{"rendered":"http:\/\/euraaudittr.com\/?page_id=1144"},"modified":"2023-12-27T23:40:39","modified_gmt":"2023-12-27T20:40:39","slug":"yeminli-mali-musavirlik","status":"publish","type":"page","link":"https:\/\/euraaudittr.com\/en\/hizmetlerimiz\/vergi\/yeminli-mali-musavirlik\/","title":{"rendered":"Certified Public Accountancy"},"content":{"rendered":"<div data-elementor-type=\"wp-page\" data-elementor-id=\"1144\" class=\"elementor elementor-1144\">\n\t\t\t\t\t\t<section class=\"elementor-section elementor-top-section elementor-element elementor-element-9a92b77 elementor-section-boxed elementor-section-height-default elementor-section-height-default\" data-id=\"9a92b77\" data-element_type=\"section\" data-e-type=\"section\" data-settings=\"{&quot;shape_divider_bottom&quot;:&quot;tilt&quot;,&quot;background_background&quot;:&quot;gradient&quot;}\">\n\t\t\t\t\t\t\t<div class=\"elementor-background-overlay\"><\/div>\n\t\t\t\t\t\t<div class=\"elementor-shape elementor-shape-bottom\" aria-hidden=\"true\" data-negative=\"false\">\n\t\t\t<svg xmlns=\"http:\/\/www.w3.org\/2000\/svg\" viewbox=\"0 0 1000 100\" preserveaspectratio=\"none\">\n\t<path class=\"elementor-shape-fill\" d=\"M0,6V0h1000v100L0,6z\"\/>\n<\/svg>\t\t<\/div>\n\t\t\t\t\t<div class=\"elementor-container elementor-column-gap-default\">\n\t\t\t\t\t<div class=\"elementor-column elementor-col-100 elementor-top-column elementor-element elementor-element-19de0e2\" data-id=\"19de0e2\" data-element_type=\"column\" data-e-type=\"column\">\n\t\t\t<div class=\"elementor-widget-wrap elementor-element-populated\">\n\t\t\t\t\t\t<div class=\"elementor-element elementor-element-4e219b9 elementor-widget elementor-widget-heading\" data-id=\"4e219b9\" data-element_type=\"widget\" data-e-type=\"widget\" data-widget_type=\"heading.default\">\n\t\t\t\t<div class=\"elementor-widget-container\">\n\t\t\t\t\t<h2 class=\"elementor-heading-title elementor-size-default\">Certified Public Accountancy<\/h2>\t\t\t\t<\/div>\n\t\t\t\t<\/div>\n\t\t\t\t\t<\/div>\n\t\t<\/div>\n\t\t\t\t\t<\/div>\n\t\t<\/section>\n\t\t\t\t<section class=\"elementor-section elementor-top-section elementor-element elementor-element-ec5e658 elementor-reverse-tablet elementor-reverse-mobile elementor-section-boxed elementor-section-height-default elementor-section-height-default\" data-id=\"ec5e658\" data-element_type=\"section\" data-e-type=\"section\" data-settings=\"{&quot;background_background&quot;:&quot;gradient&quot;}\">\n\t\t\t\t\t\t\t<div class=\"elementor-background-overlay\"><\/div>\n\t\t\t\t\t\t\t<div class=\"elementor-container elementor-column-gap-default\">\n\t\t\t\t\t<div class=\"elementor-column elementor-col-100 elementor-top-column elementor-element elementor-element-c0a45c9\" data-id=\"c0a45c9\" data-element_type=\"column\" data-e-type=\"column\">\n\t\t\t<div class=\"elementor-widget-wrap elementor-element-populated\">\n\t\t\t\t\t\t<section class=\"elementor-section elementor-inner-section elementor-element elementor-element-44e066d elementor-section-boxed elementor-section-height-default elementor-section-height-default\" data-id=\"44e066d\" data-element_type=\"section\" data-e-type=\"section\">\n\t\t\t\t\t\t<div class=\"elementor-container elementor-column-gap-no\">\n\t\t\t\t\t<div class=\"elementor-column elementor-col-100 elementor-inner-column elementor-element elementor-element-ffd59cf\" data-id=\"ffd59cf\" data-element_type=\"column\" data-e-type=\"column\">\n\t\t\t<div class=\"elementor-widget-wrap elementor-element-populated\">\n\t\t\t\t\t\t<div class=\"elementor-element elementor-element-7549199 elementor-widget elementor-widget-heading\" data-id=\"7549199\" data-element_type=\"widget\" data-e-type=\"widget\" data-widget_type=\"heading.default\">\n\t\t\t\t<div class=\"elementor-widget-container\">\n\t\t\t\t\t<h2 class=\"elementor-heading-title elementor-size-default\">Tax Audit, Certification, and Financial Consulting<\/h2>\t\t\t\t<\/div>\n\t\t\t\t<\/div>\n\t\t\t\t<div class=\"elementor-element elementor-element-5b77f7a elementor-widget elementor-widget-text-editor\" data-id=\"5b77f7a\" data-element_type=\"widget\" data-e-type=\"widget\" data-widget_type=\"text-editor.default\">\n\t\t\t\t<div class=\"elementor-widget-container\">\n\t\t\t\t\t\t\t\t\t<p class=\"translation-block\">Under Law No. 3568 on Independent Accountancy, Independent Accountant Financial Advisory, and Sworn-in Financial Consultancy; we audit and certify the balance sheets and income statements of real and legal persons (companies, associations, and foundations, as well as their businesses and enterprises), declarations made in accordance with tax laws, their requests related to tax laws, and compliance with tax laws, other relevant regulations, and generally accepted accounting standards. The prepared certification reports are presented impartially for the benefit of relevant parties and official authorities. Tables certified by Sworn-in Financial Advisors and submitted to public institutions and organizations in accordance with the law are considered as documents examined by the state audit personnel within the scope of the certification. We also provide financial consulting services to clients who receive Full Audit services. Additionally, these companies benefit from our financial information service, where changes in financial regulations are announced, interpreted, and directed to our clients. Another service provided by our consultancy is the documentation of value-added tax and special consumption tax refund and offset processes.<\/p><p>Tasks performed within the scope of sworn-in financial consultancy include:<\/p><ul><li>Income and Corporate Income Tax Declaration certification,<\/li><li>Value Added Tax and Special Consumption Tax Refund Procedures<\/li><\/ul>\t\t\t\t\t\t\t\t<\/div>\n\t\t\t\t<\/div>\n\t\t\t\t<div class=\"elementor-element elementor-element-859ba60 elementor-widget elementor-widget-text-editor\" data-id=\"859ba60\" data-element_type=\"widget\" data-e-type=\"widget\" data-widget_type=\"text-editor.default\">\n\t\t\t\t<div class=\"elementor-widget-container\">\n\t\t\t\t\t\t\t\t\t<p>Other Certification Procedures<\/p><ul><li>Certification of Internal Resources Being Added to Capital<\/li><li>Inclusion of the Fund Arising from Inflation Adjustment or Revaluation in Capital, Determination of the Eligible Fund<\/li><li>Determination of the Inclusion of Other Internal Resources (Cost Increase Fund \u2013 Real Estate \/ Subsidiary Sales Profit, Previous Year Profits, etc.) in Capital<\/li><li>Reports on Determination of Capital Increase<\/li><li>Determination of Paid-In Capital and Existence, and Inclusion of Previous Year Profits in Capital<\/li><li>Preparation of Equity and Valuation Determination in the Establishment, Type Change, and Capital Increases of Limited Companies<\/li><li>Examination and Certification Procedures for Exemptions, Exceptions, and Accounts of Associations, Facilities, Foundations, and Similar Institutions<\/li><li>Investment Incentive Certificate Procedures<\/li><li>Determination Procedures for Loans<\/li><li>Determinations Regarding the Obligations of Travel Agencies to Generate Tourism Income and Bring Foreign Currency<\/li><li>Examinations and Determinations to be Requested Regarding the Import of Crude Oil and Petroleum Products, and LPG<\/li><li>Determination of the Appropriateness of Financial Statements and Revenue Recognition<\/li><li>Examination of the Accounts and Operations of Organized Industrial Zones<\/li><li>Examination of the Income and Expenses of the Unemployment Insurance Fund<\/li><li>Wealth and Asset Examinations<\/li><li>Requesting and Evaluating Deferral and Installment Forms<\/li><li>Evacuation Procedures in Natural Disasters<\/li><li>Inventory Valuation<\/li><li>Determination of Public Land Allocation Procedures<\/li><\/ul>\t\t\t\t\t\t\t\t<\/div>\n\t\t\t\t<\/div>\n\t\t\t\t\t<\/div>\n\t\t<\/div>\n\t\t\t\t\t<\/div>\n\t\t<\/section>\n\t\t\t\t\t<\/div>\n\t\t<\/div>\n\t\t\t\t\t<\/div>\n\t\t<\/section>\n\t\t\t\t<\/div>","protected":false},"excerpt":{"rendered":"<p>Yeminli Mali M\u00fc\u015favirlik Vergi Denetimi, Tasdik ve Mali Dan\u0131\u015fmanl\u0131k 3568 say\u0131l\u0131 Serbest Muasebecilik, Serbest Muhasebeci Mali M\u00fc\u015favirlik ve Yeminli Mali M\u00fc\u015favirlik Kanunu kapsam\u0131nda;\u00a0ger\u00e7ek\u00a0ve\u00a0t\u00fczel ki\u015filerin (\u015firket, dernek\u00a0ve\u00a0vak\u0131flar\u0131n\u00a0, bunlar\u0131n i\u015fletme ve te\u015febb\u00fcslerinin)\u00a0bilan\u00e7o\u00a0ve gelir tablolar\u0131n\u0131, vergi kanunlar\u0131na g\u00f6re verilmi\u015f\u00a0beyanlar\u0131n\u0131\u00a0, vergi kanunlar\u0131yla ilgili\u00a0taleplerini, vergi kanunlar\u0131 ve sair ilgili mevzuat \u00a0ve genel kabul g\u00f6rm\u00fc\u015f muhasebe standartlar\u0131na uygunlu\u011fu a\u00e7\u0131s\u0131ndan\u00a0denetler\u00a0ve\u00a0tasdik\u00a0eder. Haz\u0131rlanan tasdik [&hellip;]<\/p>\n","protected":false},"author":1,"featured_media":0,"parent":519,"menu_order":0,"comment_status":"closed","ping_status":"closed","template":"elementor_header_footer","meta":{"footnotes":""},"class_list":["post-1144","page","type-page","status-publish","hentry"],"_links":{"self":[{"href":"https:\/\/euraaudittr.com\/en\/wp-json\/wp\/v2\/pages\/1144","targetHints":{"allow":["GET"]}}],"collection":[{"href":"https:\/\/euraaudittr.com\/en\/wp-json\/wp\/v2\/pages"}],"about":[{"href":"https:\/\/euraaudittr.com\/en\/wp-json\/wp\/v2\/types\/page"}],"author":[{"embeddable":true,"href":"https:\/\/euraaudittr.com\/en\/wp-json\/wp\/v2\/users\/1"}],"replies":[{"embeddable":true,"href":"https:\/\/euraaudittr.com\/en\/wp-json\/wp\/v2\/comments?post=1144"}],"version-history":[{"count":1,"href":"https:\/\/euraaudittr.com\/en\/wp-json\/wp\/v2\/pages\/1144\/revisions"}],"predecessor-version":[{"id":2011,"href":"https:\/\/euraaudittr.com\/en\/wp-json\/wp\/v2\/pages\/1144\/revisions\/2011"}],"up":[{"embeddable":true,"href":"https:\/\/euraaudittr.com\/en\/wp-json\/wp\/v2\/pages\/519"}],"wp:attachment":[{"href":"https:\/\/euraaudittr.com\/en\/wp-json\/wp\/v2\/media?parent=1144"}],"curies":[{"name":"wp","href":"https:\/\/api.w.org\/{rel}","templated":true}]}}