{"id":1155,"date":"2023-12-09T17:58:48","date_gmt":"2023-12-09T14:58:48","guid":{"rendered":"http:\/\/euraaudittr.com\/?page_id=1155"},"modified":"2023-12-09T18:02:26","modified_gmt":"2023-12-09T15:02:26","slug":"sirket-devir-ve-birlesmeleri","status":"publish","type":"page","link":"https:\/\/euraaudittr.com\/en\/hizmetlerimiz\/vergi\/sirket-devir-ve-birlesmeleri\/","title":{"rendered":"Company Mergers and Acquisitions"},"content":{"rendered":"<div data-elementor-type=\"wp-page\" data-elementor-id=\"1155\" class=\"elementor elementor-1155\">\n\t\t\t\t\t\t<section class=\"elementor-section elementor-top-section elementor-element elementor-element-63a661c elementor-section-boxed elementor-section-height-default elementor-section-height-default\" data-id=\"63a661c\" data-element_type=\"section\" data-e-type=\"section\" data-settings=\"{&quot;shape_divider_bottom&quot;:&quot;tilt&quot;,&quot;background_background&quot;:&quot;gradient&quot;}\">\n\t\t\t\t\t\t\t<div class=\"elementor-background-overlay\"><\/div>\n\t\t\t\t\t\t<div class=\"elementor-shape elementor-shape-bottom\" aria-hidden=\"true\" data-negative=\"false\">\n\t\t\t<svg xmlns=\"http:\/\/www.w3.org\/2000\/svg\" viewbox=\"0 0 1000 100\" preserveaspectratio=\"none\">\n\t<path class=\"elementor-shape-fill\" d=\"M0,6V0h1000v100L0,6z\"\/>\n<\/svg>\t\t<\/div>\n\t\t\t\t\t<div class=\"elementor-container elementor-column-gap-default\">\n\t\t\t\t\t<div class=\"elementor-column elementor-col-100 elementor-top-column elementor-element elementor-element-485d7fe\" data-id=\"485d7fe\" data-element_type=\"column\" data-e-type=\"column\">\n\t\t\t<div class=\"elementor-widget-wrap elementor-element-populated\">\n\t\t\t\t\t\t<div class=\"elementor-element elementor-element-6c13d08 elementor-widget elementor-widget-heading\" data-id=\"6c13d08\" data-element_type=\"widget\" data-e-type=\"widget\" data-widget_type=\"heading.default\">\n\t\t\t\t<div class=\"elementor-widget-container\">\n\t\t\t\t\t<h2 class=\"elementor-heading-title elementor-size-default\">Company Mergers and Acquisitions<\/h2>\t\t\t\t<\/div>\n\t\t\t\t<\/div>\n\t\t\t\t\t<\/div>\n\t\t<\/div>\n\t\t\t\t\t<\/div>\n\t\t<\/section>\n\t\t\t\t<section class=\"elementor-section elementor-top-section elementor-element elementor-element-75a0e32 elementor-reverse-tablet elementor-reverse-mobile elementor-section-boxed elementor-section-height-default elementor-section-height-default\" data-id=\"75a0e32\" data-element_type=\"section\" data-e-type=\"section\" data-settings=\"{&quot;background_background&quot;:&quot;gradient&quot;}\">\n\t\t\t\t\t\t\t<div class=\"elementor-background-overlay\"><\/div>\n\t\t\t\t\t\t\t<div class=\"elementor-container elementor-column-gap-default\">\n\t\t\t\t\t<div class=\"elementor-column elementor-col-100 elementor-top-column elementor-element elementor-element-36c3439\" data-id=\"36c3439\" data-element_type=\"column\" data-e-type=\"column\">\n\t\t\t<div class=\"elementor-widget-wrap elementor-element-populated\">\n\t\t\t\t\t\t<section class=\"elementor-section elementor-inner-section elementor-element elementor-element-3c9bb4f elementor-section-boxed elementor-section-height-default elementor-section-height-default\" data-id=\"3c9bb4f\" data-element_type=\"section\" data-e-type=\"section\">\n\t\t\t\t\t\t<div class=\"elementor-container elementor-column-gap-no\">\n\t\t\t\t\t<div class=\"elementor-column elementor-col-100 elementor-inner-column elementor-element elementor-element-468d1a9\" data-id=\"468d1a9\" data-element_type=\"column\" data-e-type=\"column\">\n\t\t\t<div class=\"elementor-widget-wrap elementor-element-populated\">\n\t\t\t\t\t\t<div class=\"elementor-element elementor-element-6eacf22 elementor-widget elementor-widget-heading\" data-id=\"6eacf22\" data-element_type=\"widget\" data-e-type=\"widget\" data-widget_type=\"heading.default\">\n\t\t\t\t<div class=\"elementor-widget-container\">\n\t\t\t\t\t<h2 class=\"elementor-heading-title elementor-size-default\">Strengthen Your Businesses with Tax Advantages<\/h2>\t\t\t\t<\/div>\n\t\t\t\t<\/div>\n\t\t\t\t<div class=\"elementor-element elementor-element-e29f859 elementor-widget elementor-widget-text-editor\" data-id=\"e29f859\" data-element_type=\"widget\" data-e-type=\"widget\" data-widget_type=\"text-editor.default\">\n\t\t\t\t<div class=\"elementor-widget-container\">\n\t\t\t\t\t\t\t\t\t<p>In the field of company mergers and acquisitions, we offer consultancy services in areas such as pre-acquisition, alternative acquisition methods, examination of tax situations, evaluation of tax risks and opportunities, post-acquisition tax planning, and support in negotiations between parties.<\/p>\t\t\t\t\t\t\t\t<\/div>\n\t\t\t\t<\/div>\n\t\t\t\t\t<\/div>\n\t\t<\/div>\n\t\t\t\t\t<\/div>\n\t\t<\/section>\n\t\t\t\t\t<\/div>\n\t\t<\/div>\n\t\t\t\t\t<\/div>\n\t\t<\/section>\n\t\t\t\t<\/div>","protected":false},"excerpt":{"rendered":"<p>\u015eirket Devir ve Birle\u015fmeleri Vergisel Avantajlarla \u0130\u015fletmelerinizi G\u00fc\u00e7lendirin \u015eirket birle\u015fmeleri ve sat\u0131n almalar\u0131 konusunda; sat\u0131n alma \u00f6ncesi, alternatif sat\u0131n alma y\u00f6ntemleri, vergisel durumlar\u0131n incelenmesi, vergi risk ve f\u0131rsat de\u011ferlendirmeleri, sat\u0131n alma sonras\u0131 vergi planlamalar\u0131, taraflardaki g\u00f6r\u00fc\u015fmelerde destek olunmas\u0131 v.s. \u00e7\u00f6z\u00fcmler konusunda dan\u0131\u015fmanl\u0131k hizmetlerinde bulunuyoruz.<\/p>","protected":false},"author":1,"featured_media":0,"parent":519,"menu_order":0,"comment_status":"closed","ping_status":"closed","template":"elementor_header_footer","meta":{"footnotes":""},"class_list":["post-1155","page","type-page","status-publish","hentry"],"_links":{"self":[{"href":"https:\/\/euraaudittr.com\/en\/wp-json\/wp\/v2\/pages\/1155","targetHints":{"allow":["GET"]}}],"collection":[{"href":"https:\/\/euraaudittr.com\/en\/wp-json\/wp\/v2\/pages"}],"about":[{"href":"https:\/\/euraaudittr.com\/en\/wp-json\/wp\/v2\/types\/page"}],"author":[{"embeddable":true,"href":"https:\/\/euraaudittr.com\/en\/wp-json\/wp\/v2\/users\/1"}],"replies":[{"embeddable":true,"href":"https:\/\/euraaudittr.com\/en\/wp-json\/wp\/v2\/comments?post=1155"}],"version-history":[{"count":0,"href":"https:\/\/euraaudittr.com\/en\/wp-json\/wp\/v2\/pages\/1155\/revisions"}],"up":[{"embeddable":true,"href":"https:\/\/euraaudittr.com\/en\/wp-json\/wp\/v2\/pages\/519"}],"wp:attachment":[{"href":"https:\/\/euraaudittr.com\/en\/wp-json\/wp\/v2\/media?parent=1155"}],"curies":[{"name":"wp","href":"https:\/\/api.w.org\/{rel}","templated":true}]}}