{"id":586,"date":"2023-11-16T18:48:08","date_gmt":"2023-11-16T18:48:08","guid":{"rendered":"http:\/\/euraaudittr.com\/?page_id=586"},"modified":"2023-12-01T17:13:08","modified_gmt":"2023-12-01T14:13:08","slug":"degerleme","status":"publish","type":"page","link":"https:\/\/euraaudittr.com\/en\/hizmetlerimiz\/danismanlik\/degerleme\/","title":{"rendered":"Valuation"},"content":{"rendered":"<div data-elementor-type=\"wp-page\" data-elementor-id=\"586\" class=\"elementor elementor-586\">\n\t\t\t\t\t\t<section class=\"elementor-section elementor-top-section elementor-element elementor-element-27d1ad9 elementor-section-boxed elementor-section-height-default elementor-section-height-default\" data-id=\"27d1ad9\" data-element_type=\"section\" data-e-type=\"section\" data-settings=\"{&quot;shape_divider_bottom&quot;:&quot;tilt&quot;,&quot;background_background&quot;:&quot;gradient&quot;}\">\n\t\t\t\t\t\t\t<div class=\"elementor-background-overlay\"><\/div>\n\t\t\t\t\t\t<div class=\"elementor-shape elementor-shape-bottom\" aria-hidden=\"true\" data-negative=\"false\">\n\t\t\t<svg xmlns=\"http:\/\/www.w3.org\/2000\/svg\" viewbox=\"0 0 1000 100\" preserveaspectratio=\"none\">\n\t<path class=\"elementor-shape-fill\" d=\"M0,6V0h1000v100L0,6z\"\/>\n<\/svg>\t\t<\/div>\n\t\t\t\t\t<div class=\"elementor-container elementor-column-gap-default\">\n\t\t\t\t\t<div class=\"elementor-column elementor-col-100 elementor-top-column elementor-element elementor-element-31c9281\" data-id=\"31c9281\" data-element_type=\"column\" data-e-type=\"column\">\n\t\t\t<div class=\"elementor-widget-wrap elementor-element-populated\">\n\t\t\t\t\t\t<div class=\"elementor-element elementor-element-9e00951 elementor-widget elementor-widget-heading\" data-id=\"9e00951\" data-element_type=\"widget\" data-e-type=\"widget\" data-widget_type=\"heading.default\">\n\t\t\t\t<div class=\"elementor-widget-container\">\n\t\t\t\t\t<h2 class=\"elementor-heading-title elementor-size-default\">Valuation<\/h2>\t\t\t\t<\/div>\n\t\t\t\t<\/div>\n\t\t\t\t\t<\/div>\n\t\t<\/div>\n\t\t\t\t\t<\/div>\n\t\t<\/section>\n\t\t\t\t<section class=\"elementor-section elementor-top-section elementor-element elementor-element-f1a6e2f elementor-reverse-tablet elementor-reverse-mobile elementor-section-boxed elementor-section-height-default elementor-section-height-default\" data-id=\"f1a6e2f\" data-element_type=\"section\" data-e-type=\"section\" data-settings=\"{&quot;background_background&quot;:&quot;gradient&quot;}\">\n\t\t\t\t\t\t\t<div class=\"elementor-background-overlay\"><\/div>\n\t\t\t\t\t\t\t<div class=\"elementor-container elementor-column-gap-default\">\n\t\t\t\t\t<div class=\"elementor-column elementor-col-100 elementor-top-column elementor-element elementor-element-b648caa\" data-id=\"b648caa\" data-element_type=\"column\" data-e-type=\"column\">\n\t\t\t<div class=\"elementor-widget-wrap elementor-element-populated\">\n\t\t\t\t\t\t<section class=\"elementor-section elementor-inner-section elementor-element elementor-element-908abfa elementor-section-boxed elementor-section-height-default elementor-section-height-default\" data-id=\"908abfa\" data-element_type=\"section\" data-e-type=\"section\">\n\t\t\t\t\t\t<div class=\"elementor-container elementor-column-gap-no\">\n\t\t\t\t\t<div class=\"elementor-column elementor-col-100 elementor-inner-column elementor-element elementor-element-e8dec39\" data-id=\"e8dec39\" data-element_type=\"column\" data-e-type=\"column\">\n\t\t\t<div class=\"elementor-widget-wrap elementor-element-populated\">\n\t\t\t\t\t\t<div class=\"elementor-element elementor-element-070e2a3 elementor-widget elementor-widget-text-editor\" data-id=\"070e2a3\" data-element_type=\"widget\" data-e-type=\"widget\" data-widget_type=\"text-editor.default\">\n\t\t\t\t<div class=\"elementor-widget-container\">\n\t\t\t\t\t\t\t\t\t<p>In public companies, multiple partnership structures, and regulated companies, taking into account partnership agreement conditions, our team of independent experts conducts company valuation analyses. We provide opinions on the market value of companies and shares.<\/p>\t\t\t\t\t\t\t\t<\/div>\n\t\t\t\t<\/div>\n\t\t\t\t<div class=\"elementor-element elementor-element-f1fe411 elementor-widget elementor-widget-heading\" data-id=\"f1fe411\" data-element_type=\"widget\" data-e-type=\"widget\" data-widget_type=\"heading.default\">\n\t\t\t\t<div class=\"elementor-widget-container\">\n\t\t\t\t\t<h2 class=\"elementor-heading-title elementor-size-default\">Company Valuation<\/h2>\t\t\t\t<\/div>\n\t\t\t\t<\/div>\n\t\t\t\t<div class=\"elementor-element elementor-element-1202263 elementor-widget elementor-widget-text-editor\" data-id=\"1202263\" data-element_type=\"widget\" data-e-type=\"widget\" data-widget_type=\"text-editor.default\">\n\t\t\t\t<div class=\"elementor-widget-container\">\n\t\t\t\t\t\t\t\t\t<p>Within the scope of International Valuation Standards, we prepare comprehensive valuation studies for various purposes such as company acquisitions and mergers, financial reporting, and restructuring in many sectors.<\/p>\t\t\t\t\t\t\t\t<\/div>\n\t\t\t\t<\/div>\n\t\t\t\t<div class=\"elementor-element elementor-element-c8def25 elementor-widget elementor-widget-heading\" data-id=\"c8def25\" data-element_type=\"widget\" data-e-type=\"widget\" data-widget_type=\"heading.default\">\n\t\t\t\t<div class=\"elementor-widget-container\">\n\t\t\t\t\t<h2 class=\"elementor-heading-title elementor-size-default\">Allocation of Purchase Price<\/h2>\t\t\t\t<\/div>\n\t\t\t\t<\/div>\n\t\t\t\t<div class=\"elementor-element elementor-element-94e2869 elementor-widget elementor-widget-text-editor\" data-id=\"94e2869\" data-element_type=\"widget\" data-e-type=\"widget\" data-widget_type=\"text-editor.default\">\n\t\t\t\t<div class=\"elementor-widget-container\">\n\t\t\t\t\t\t\t\t\t<p>To bring transparency to company acquisitions, we determine the fair value of the acquired company, including intangible and tangible assets, and provide purchase price allocation services in accordance with UFRS or US GAAP standards for financial reporting purposes with our expert team.<\/p>\t\t\t\t\t\t\t\t<\/div>\n\t\t\t\t<\/div>\n\t\t\t\t<div class=\"elementor-element elementor-element-2604dfc elementor-widget elementor-widget-heading\" data-id=\"2604dfc\" data-element_type=\"widget\" data-e-type=\"widget\" data-widget_type=\"heading.default\">\n\t\t\t\t<div class=\"elementor-widget-container\">\n\t\t\t\t\t<h2 class=\"elementor-heading-title elementor-size-default\">Intangible Asset Valuation<\/h2>\t\t\t\t<\/div>\n\t\t\t\t<\/div>\n\t\t\t\t<div class=\"elementor-element elementor-element-c6984ca elementor-widget elementor-widget-text-editor\" data-id=\"c6984ca\" data-element_type=\"widget\" data-e-type=\"widget\" data-widget_type=\"text-editor.default\">\n\t\t\t\t<div class=\"elementor-widget-container\">\n\t\t\t\t\t\t\t\t\t<p>With our market, income, and cost-based methods, we provide comprehensive services for the identification and valuation of companies' intangible assets.<\/p><p>In this way, by providing support in determining the growth strategies of your company to achieve your goals, we ensure that your decision-making processes become effective by analyzing financial and operational opportunities.<\/p>\t\t\t\t\t\t\t\t<\/div>\n\t\t\t\t<\/div>\n\t\t\t\t<div class=\"elementor-element elementor-element-72789a1 elementor-widget elementor-widget-heading\" data-id=\"72789a1\" data-element_type=\"widget\" data-e-type=\"widget\" data-widget_type=\"heading.default\">\n\t\t\t\t<div class=\"elementor-widget-container\">\n\t\t\t\t\t<h2 class=\"elementor-heading-title elementor-size-default\">Impairment Test<\/h2>\t\t\t\t<\/div>\n\t\t\t\t<\/div>\n\t\t\t\t<div class=\"elementor-element elementor-element-f502a40 elementor-widget elementor-widget-text-editor\" data-id=\"f502a40\" data-element_type=\"widget\" data-e-type=\"widget\" data-widget_type=\"text-editor.default\">\n\t\t\t\t<div class=\"elementor-widget-container\">\n\t\t\t\t\t\t\t\t\t<p>We provide consultancy services in accordance with the relevant UFRS regulations by revaluing equity and other tangible and intangible non-current assets every year, within the framework of current legislation and according to the needs of our clients.<\/p>\t\t\t\t\t\t\t\t<\/div>\n\t\t\t\t<\/div>\n\t\t\t\t<div class=\"elementor-element elementor-element-ad9a344 elementor-widget elementor-widget-heading\" data-id=\"ad9a344\" data-element_type=\"widget\" data-e-type=\"widget\" data-widget_type=\"heading.default\">\n\t\t\t\t<div class=\"elementor-widget-container\">\n\t\t\t\t\t<h2 class=\"elementor-heading-title elementor-size-default\">Determination of Share Exchange Ratio<\/h2>\t\t\t\t<\/div>\n\t\t\t\t<\/div>\n\t\t\t\t<div class=\"elementor-element elementor-element-4a93ce2 elementor-widget elementor-widget-text-editor\" data-id=\"4a93ce2\" data-element_type=\"widget\" data-e-type=\"widget\" data-widget_type=\"text-editor.default\">\n\t\t\t\t<div class=\"elementor-widget-container\">\n\t\t\t\t\t\t\t\t\t<p>In accordance with the Capital Markets Board Merger and Division Communiqu\u00e9, we determine the values of assets subject to sale, taking into account the rights of shareholders of the merging or dividing company, and provide exchange ratio determination services in accordance with current regulations.<\/p>\t\t\t\t\t\t\t\t<\/div>\n\t\t\t\t<\/div>\n\t\t\t\t\t<\/div>\n\t\t<\/div>\n\t\t\t\t\t<\/div>\n\t\t<\/section>\n\t\t\t\t\t<\/div>\n\t\t<\/div>\n\t\t\t\t\t<\/div>\n\t\t<\/section>\n\t\t\t\t<\/div>","protected":false},"excerpt":{"rendered":"<p>De\u011ferleme Halka a\u00e7\u0131k \u015firketler, \u00e7oklu ortakl\u0131k yap\u0131lar\u0131, reg\u00fclasyona tabi \u015firketlerde, ortakl\u0131k s\u00f6zle\u015fme \u015fartlar\u0131 da dikkate al\u0131narak, ba\u011f\u0131ms\u0131z uzmanlardan olu\u015fan ekibimizle, \u015firket de\u011ferleme analizleri yap\u0131yor; \u015firket ve hisselerin piyasa de\u011feri konusunda g\u00f6r\u00fc\u015f veriyoruz. \u015eirket De\u011ferleme Uluslararas\u0131 De\u011ferleme Standartlar\u0131 kapsam\u0131nda \u00e7ok say\u0131da sekt\u00f6rde \u015firket sat\u0131n alma ve birle\u015fmeleri, finansal raporlama ve yeniden yap\u0131land\u0131rma gibi \u00e7e\u015fitli ama\u00e7lar i\u00e7in [&hellip;]<\/p>\n","protected":false},"author":1,"featured_media":0,"parent":125,"menu_order":0,"comment_status":"closed","ping_status":"closed","template":"elementor_header_footer","meta":{"footnotes":""},"class_list":["post-586","page","type-page","status-publish","hentry"],"_links":{"self":[{"href":"https:\/\/euraaudittr.com\/en\/wp-json\/wp\/v2\/pages\/586","targetHints":{"allow":["GET"]}}],"collection":[{"href":"https:\/\/euraaudittr.com\/en\/wp-json\/wp\/v2\/pages"}],"about":[{"href":"https:\/\/euraaudittr.com\/en\/wp-json\/wp\/v2\/types\/page"}],"author":[{"embeddable":true,"href":"https:\/\/euraaudittr.com\/en\/wp-json\/wp\/v2\/users\/1"}],"replies":[{"embeddable":true,"href":"https:\/\/euraaudittr.com\/en\/wp-json\/wp\/v2\/comments?post=586"}],"version-history":[{"count":0,"href":"https:\/\/euraaudittr.com\/en\/wp-json\/wp\/v2\/pages\/586\/revisions"}],"up":[{"embeddable":true,"href":"https:\/\/euraaudittr.com\/en\/wp-json\/wp\/v2\/pages\/125"}],"wp:attachment":[{"href":"https:\/\/euraaudittr.com\/en\/wp-json\/wp\/v2\/media?parent=586"}],"curies":[{"name":"wp","href":"https:\/\/api.w.org\/{rel}","templated":true}]}}