{"id":592,"date":"2023-11-16T18:50:09","date_gmt":"2023-11-16T18:50:09","guid":{"rendered":"http:\/\/euraaudittr.com\/?page_id=592"},"modified":"2023-12-01T17:14:32","modified_gmt":"2023-12-01T14:14:32","slug":"birlesme-ve-satin-alma","status":"publish","type":"page","link":"https:\/\/euraaudittr.com\/en\/hizmetlerimiz\/danismanlik\/birlesme-ve-satin-alma\/","title":{"rendered":"Merger and Acquisition"},"content":{"rendered":"<div data-elementor-type=\"wp-page\" data-elementor-id=\"592\" class=\"elementor elementor-592\">\n\t\t\t\t\t\t<section class=\"elementor-section elementor-top-section elementor-element elementor-element-d2bdaaf elementor-section-boxed elementor-section-height-default elementor-section-height-default\" data-id=\"d2bdaaf\" data-element_type=\"section\" data-e-type=\"section\" data-settings=\"{&quot;shape_divider_bottom&quot;:&quot;tilt&quot;,&quot;background_background&quot;:&quot;gradient&quot;}\">\n\t\t\t\t\t\t\t<div class=\"elementor-background-overlay\"><\/div>\n\t\t\t\t\t\t<div class=\"elementor-shape elementor-shape-bottom\" aria-hidden=\"true\" data-negative=\"false\">\n\t\t\t<svg xmlns=\"http:\/\/www.w3.org\/2000\/svg\" viewbox=\"0 0 1000 100\" preserveaspectratio=\"none\">\n\t<path class=\"elementor-shape-fill\" d=\"M0,6V0h1000v100L0,6z\"\/>\n<\/svg>\t\t<\/div>\n\t\t\t\t\t<div class=\"elementor-container elementor-column-gap-default\">\n\t\t\t\t\t<div class=\"elementor-column elementor-col-100 elementor-top-column elementor-element elementor-element-5474211\" data-id=\"5474211\" data-element_type=\"column\" data-e-type=\"column\">\n\t\t\t<div class=\"elementor-widget-wrap elementor-element-populated\">\n\t\t\t\t\t\t<div class=\"elementor-element elementor-element-cdabba9 elementor-widget elementor-widget-heading\" data-id=\"cdabba9\" data-element_type=\"widget\" data-e-type=\"widget\" data-widget_type=\"heading.default\">\n\t\t\t\t<div class=\"elementor-widget-container\">\n\t\t\t\t\t<h2 class=\"elementor-heading-title elementor-size-default\">Merger and Acquisition<\/h2>\t\t\t\t<\/div>\n\t\t\t\t<\/div>\n\t\t\t\t\t<\/div>\n\t\t<\/div>\n\t\t\t\t\t<\/div>\n\t\t<\/section>\n\t\t\t\t<section class=\"elementor-section elementor-top-section elementor-element elementor-element-c4a444e elementor-reverse-tablet elementor-reverse-mobile elementor-section-boxed elementor-section-height-default elementor-section-height-default\" data-id=\"c4a444e\" data-element_type=\"section\" data-e-type=\"section\" data-settings=\"{&quot;background_background&quot;:&quot;gradient&quot;}\">\n\t\t\t\t\t\t\t<div class=\"elementor-background-overlay\"><\/div>\n\t\t\t\t\t\t\t<div class=\"elementor-container elementor-column-gap-default\">\n\t\t\t\t\t<div class=\"elementor-column elementor-col-100 elementor-top-column elementor-element elementor-element-521a8fd\" data-id=\"521a8fd\" data-element_type=\"column\" data-e-type=\"column\">\n\t\t\t<div class=\"elementor-widget-wrap elementor-element-populated\">\n\t\t\t\t\t\t<section class=\"elementor-section elementor-inner-section elementor-element elementor-element-3338bd4 elementor-section-boxed elementor-section-height-default elementor-section-height-default\" data-id=\"3338bd4\" data-element_type=\"section\" data-e-type=\"section\">\n\t\t\t\t\t\t<div class=\"elementor-container elementor-column-gap-no\">\n\t\t\t\t\t<div class=\"elementor-column elementor-col-100 elementor-inner-column elementor-element elementor-element-17aae4e\" data-id=\"17aae4e\" data-element_type=\"column\" data-e-type=\"column\">\n\t\t\t<div class=\"elementor-widget-wrap elementor-element-populated\">\n\t\t\t\t\t\t<div class=\"elementor-element elementor-element-d06e59d elementor-widget elementor-widget-text-editor\" data-id=\"d06e59d\" data-element_type=\"widget\" data-e-type=\"widget\" data-widget_type=\"text-editor.default\">\n\t\t\t\t<div class=\"elementor-widget-container\">\n\t\t\t\t\t\t\t\t\t<p>Our global merger and acquisition teams, with their sector expertise and experience in making fast and accurate transactions, provide a wide range of advisory services, from company mergers and acquisitions to divestitures, debt and equity markets, and real estate and infrastructure transactions, in line with your strategic goals.<\/p>\t\t\t\t\t\t\t\t<\/div>\n\t\t\t\t<\/div>\n\t\t\t\t<div class=\"elementor-element elementor-element-554f2ff elementor-widget elementor-widget-text-editor\" data-id=\"554f2ff\" data-element_type=\"widget\" data-e-type=\"widget\" data-widget_type=\"text-editor.default\">\n\t\t\t\t<div class=\"elementor-widget-container\">\n\t\t\t\t\t\t\t\t\t<p>In this context;<\/p>\t\t\t\t\t\t\t\t<\/div>\n\t\t\t\t<\/div>\n\t\t\t\t<div class=\"elementor-element elementor-element-0731512 elementor-widget elementor-widget-text-editor\" data-id=\"0731512\" data-element_type=\"widget\" data-e-type=\"widget\" data-widget_type=\"text-editor.default\">\n\t\t\t\t<div class=\"elementor-widget-container\">\n\t\t\t\t\t\t\t\t\t<ul><li>Market and target company valuation,<\/li><li>Execution of transactions,<\/li><li>Post-transaction planning and operations,<\/li><li>Exit from investment,<\/li><li>Seller-side advisory,<\/li><li>Buyer-side advisory,<\/li><li>Independent initial public offering (IPO) advisory,<\/li><\/ul>\t\t\t\t\t\t\t\t<\/div>\n\t\t\t\t<\/div>\n\t\t\t\t<div class=\"elementor-element elementor-element-c986dfb elementor-widget elementor-widget-text-editor\" data-id=\"c986dfb\" data-element_type=\"widget\" data-e-type=\"widget\" data-widget_type=\"text-editor.default\">\n\t\t\t\t<div class=\"elementor-widget-container\">\n\t\t\t\t\t\t\t\t\t<p>We provide services based on detailed analyses in these areas.<\/p>\t\t\t\t\t\t\t\t<\/div>\n\t\t\t\t<\/div>\n\t\t\t\t\t<\/div>\n\t\t<\/div>\n\t\t\t\t\t<\/div>\n\t\t<\/section>\n\t\t\t\t\t<\/div>\n\t\t<\/div>\n\t\t\t\t\t<\/div>\n\t\t<\/section>\n\t\t\t\t<\/div>","protected":false},"excerpt":{"rendered":"<p>Birle\u015fme ve Sat\u0131n Alma K\u00fcresel birle\u015fme ve sat\u0131n alma ekiplerimiz, sekt\u00f6r uzmanl\u0131\u011f\u0131 ve h\u0131zl\u0131 ve do\u011fru i\u015flem yapma deneyimleriyle, stratejik hedefleriniz do\u011frultusunda, \u015firket birle\u015fme ve sat\u0131n almalardan elden \u00e7\u0131karma, bor\u00e7 ve \u00f6z sermaye piyasalar\u0131na ve gayrimenkul ve altyap\u0131 i\u015flemlerine kadar geni\u015f yelpazede dan\u0131\u015fmanl\u0131k hizmeti sunuyoruz. Bu kapsamda; Pazar ve hedef \u015firket de\u011ferlendirmesi \u0130\u015flemlerin y\u00fcr\u00fct\u00fclmesi \u0130\u015flem [&hellip;]<\/p>\n","protected":false},"author":1,"featured_media":0,"parent":125,"menu_order":0,"comment_status":"closed","ping_status":"closed","template":"elementor_header_footer","meta":{"footnotes":""},"class_list":["post-592","page","type-page","status-publish","hentry"],"_links":{"self":[{"href":"https:\/\/euraaudittr.com\/en\/wp-json\/wp\/v2\/pages\/592","targetHints":{"allow":["GET"]}}],"collection":[{"href":"https:\/\/euraaudittr.com\/en\/wp-json\/wp\/v2\/pages"}],"about":[{"href":"https:\/\/euraaudittr.com\/en\/wp-json\/wp\/v2\/types\/page"}],"author":[{"embeddable":true,"href":"https:\/\/euraaudittr.com\/en\/wp-json\/wp\/v2\/users\/1"}],"replies":[{"embeddable":true,"href":"https:\/\/euraaudittr.com\/en\/wp-json\/wp\/v2\/comments?post=592"}],"version-history":[{"count":0,"href":"https:\/\/euraaudittr.com\/en\/wp-json\/wp\/v2\/pages\/592\/revisions"}],"up":[{"embeddable":true,"href":"https:\/\/euraaudittr.com\/en\/wp-json\/wp\/v2\/pages\/125"}],"wp:attachment":[{"href":"https:\/\/euraaudittr.com\/en\/wp-json\/wp\/v2\/media?parent=592"}],"curies":[{"name":"wp","href":"https:\/\/api.w.org\/{rel}","templated":true}]}}