{"id":610,"date":"2023-11-16T18:53:54","date_gmt":"2023-11-16T18:53:54","guid":{"rendered":"http:\/\/euraaudittr.com\/?page_id=610"},"modified":"2023-12-01T17:17:11","modified_gmt":"2023-12-01T14:17:11","slug":"cfo-danismanligi","status":"publish","type":"page","link":"https:\/\/euraaudittr.com\/en\/hizmetlerimiz\/danismanlik\/cfo-danismanligi\/","title":{"rendered":"CFO Advisory Services"},"content":{"rendered":"<div data-elementor-type=\"wp-page\" data-elementor-id=\"610\" class=\"elementor elementor-610\">\n\t\t\t\t\t\t<section class=\"elementor-section elementor-top-section elementor-element elementor-element-67a4571 elementor-section-boxed elementor-section-height-default elementor-section-height-default\" data-id=\"67a4571\" data-element_type=\"section\" data-e-type=\"section\" data-settings=\"{&quot;shape_divider_bottom&quot;:&quot;tilt&quot;,&quot;background_background&quot;:&quot;gradient&quot;}\">\n\t\t\t\t\t\t\t<div class=\"elementor-background-overlay\"><\/div>\n\t\t\t\t\t\t<div class=\"elementor-shape elementor-shape-bottom\" aria-hidden=\"true\" data-negative=\"false\">\n\t\t\t<svg xmlns=\"http:\/\/www.w3.org\/2000\/svg\" viewbox=\"0 0 1000 100\" preserveaspectratio=\"none\">\n\t<path class=\"elementor-shape-fill\" d=\"M0,6V0h1000v100L0,6z\"\/>\n<\/svg>\t\t<\/div>\n\t\t\t\t\t<div class=\"elementor-container elementor-column-gap-default\">\n\t\t\t\t\t<div class=\"elementor-column elementor-col-100 elementor-top-column elementor-element elementor-element-04e0198\" data-id=\"04e0198\" data-element_type=\"column\" data-e-type=\"column\">\n\t\t\t<div class=\"elementor-widget-wrap elementor-element-populated\">\n\t\t\t\t\t\t<div class=\"elementor-element elementor-element-b8b067b elementor-widget elementor-widget-heading\" data-id=\"b8b067b\" data-element_type=\"widget\" data-e-type=\"widget\" data-widget_type=\"heading.default\">\n\t\t\t\t<div class=\"elementor-widget-container\">\n\t\t\t\t\t<h2 class=\"elementor-heading-title elementor-size-default\">CFO Advisory Services<\/h2>\t\t\t\t<\/div>\n\t\t\t\t<\/div>\n\t\t\t\t\t<\/div>\n\t\t<\/div>\n\t\t\t\t\t<\/div>\n\t\t<\/section>\n\t\t\t\t<section class=\"elementor-section elementor-top-section elementor-element elementor-element-a2c5b5d elementor-reverse-tablet elementor-reverse-mobile elementor-section-boxed elementor-section-height-default elementor-section-height-default\" data-id=\"a2c5b5d\" data-element_type=\"section\" data-e-type=\"section\" data-settings=\"{&quot;background_background&quot;:&quot;gradient&quot;}\">\n\t\t\t\t\t\t\t<div class=\"elementor-background-overlay\"><\/div>\n\t\t\t\t\t\t\t<div class=\"elementor-container elementor-column-gap-default\">\n\t\t\t\t\t<div class=\"elementor-column elementor-col-100 elementor-top-column elementor-element elementor-element-a35e5fe\" data-id=\"a35e5fe\" data-element_type=\"column\" data-e-type=\"column\">\n\t\t\t<div class=\"elementor-widget-wrap elementor-element-populated\">\n\t\t\t\t\t\t<section class=\"elementor-section elementor-inner-section elementor-element elementor-element-75f2a0e elementor-section-boxed elementor-section-height-default elementor-section-height-default\" data-id=\"75f2a0e\" data-element_type=\"section\" data-e-type=\"section\">\n\t\t\t\t\t\t<div class=\"elementor-container elementor-column-gap-no\">\n\t\t\t\t\t<div class=\"elementor-column elementor-col-100 elementor-inner-column elementor-element elementor-element-0dac8db\" data-id=\"0dac8db\" data-element_type=\"column\" data-e-type=\"column\">\n\t\t\t<div class=\"elementor-widget-wrap elementor-element-populated\">\n\t\t\t\t\t\t<div class=\"elementor-element elementor-element-6443ed8 elementor-widget elementor-widget-text-editor\" data-id=\"6443ed8\" data-element_type=\"widget\" data-e-type=\"widget\" data-widget_type=\"text-editor.default\">\n\t\t\t\t<div class=\"elementor-widget-container\">\n\t\t\t\t\t\t\t\t\t<p>With our specialized team in various sectors, we provide comprehensive support to our clients in projects such as determining, monitoring, and disclosing financial and non-financial forecasts with an integrated approach; managing challenges in accounting and reporting processes, improving complex accounting transactions, corporate governance, corporate treasury services, and audit processes, thus helping companies enhance their competitiveness.<\/p><p>In line with these goals, we offer foresight and services for CFOs and senior finance leaders to comply with the financial reporting requirements of the times, creating stronger, more efficient finance functions with technology, innovative methods, financial data analytics tools, and innovation.<\/p>\t\t\t\t\t\t\t\t<\/div>\n\t\t\t\t<\/div>\n\t\t\t\t\t<\/div>\n\t\t<\/div>\n\t\t\t\t\t<\/div>\n\t\t<\/section>\n\t\t\t\t\t<\/div>\n\t\t<\/div>\n\t\t\t\t\t<\/div>\n\t\t<\/section>\n\t\t\t\t<\/div>","protected":false},"excerpt":{"rendered":"<p>CFO Dan\u0131\u015fmanl\u0131\u011f\u0131 Pek \u00e7ok sekt\u00f6rde uzmanla\u015fm\u0131\u015f ekibimizle, m\u00fc\u015fterilerimize finansal ve finansal olmayan \u00f6ng\u00f6r\u00fcleri belirleme, izleme ve payda\u015flar\u0131na a\u00e7\u0131klama konusunda b\u00fct\u00fcnc\u00fcl bir yakla\u015f\u0131mla; muhasebe ve raporlama s\u00fcre\u00e7lerindeki zorluklar\u0131 y\u00f6netme, karma\u015f\u0131k muhasebe i\u015flemleri, kurumsal y\u00f6neti\u015fim, kurumsal hazine hizmetleri ve denetim s\u00fcre\u00e7lerini iyile\u015ftirme v.s. projelere destek vererek, \u015firketlerin rekabet g\u00fc\u00e7lerinin artt\u0131r\u0131lmas\u0131na yard\u0131mc\u0131 oluyoruz. Bu hedefler do\u011frultusunda, CFO\u2019lar ve [&hellip;]<\/p>\n","protected":false},"author":1,"featured_media":0,"parent":125,"menu_order":0,"comment_status":"closed","ping_status":"closed","template":"elementor_header_footer","meta":{"footnotes":""},"class_list":["post-610","page","type-page","status-publish","hentry"],"_links":{"self":[{"href":"https:\/\/euraaudittr.com\/en\/wp-json\/wp\/v2\/pages\/610","targetHints":{"allow":["GET"]}}],"collection":[{"href":"https:\/\/euraaudittr.com\/en\/wp-json\/wp\/v2\/pages"}],"about":[{"href":"https:\/\/euraaudittr.com\/en\/wp-json\/wp\/v2\/types\/page"}],"author":[{"embeddable":true,"href":"https:\/\/euraaudittr.com\/en\/wp-json\/wp\/v2\/users\/1"}],"replies":[{"embeddable":true,"href":"https:\/\/euraaudittr.com\/en\/wp-json\/wp\/v2\/comments?post=610"}],"version-history":[{"count":0,"href":"https:\/\/euraaudittr.com\/en\/wp-json\/wp\/v2\/pages\/610\/revisions"}],"up":[{"embeddable":true,"href":"https:\/\/euraaudittr.com\/en\/wp-json\/wp\/v2\/pages\/125"}],"wp:attachment":[{"href":"https:\/\/euraaudittr.com\/en\/wp-json\/wp\/v2\/media?parent=610"}],"curies":[{"name":"wp","href":"https:\/\/api.w.org\/{rel}","templated":true}]}}